{"id":41,"date":"2025-11-18T10:27:23","date_gmt":"2025-11-18T10:27:23","guid":{"rendered":"http:\/\/hpneu.gavran.de\/?page_id=41"},"modified":"2025-11-25T11:35:41","modified_gmt":"2025-11-25T11:35:41","slug":"ecommerce-marketing","status":"publish","type":"page","link":"https:\/\/gavran.de\/?page_id=41","title":{"rendered":"eCommerce"},"content":{"rendered":"\n<div style=\"height:91px\" aria-hidden=\"true\" class=\"wp-block-spacer\"><\/div>\n\n\n\n<div class=\"wp-block-columns is-layout-flex wp-container-core-columns-is-layout-9d6595d7 wp-block-columns-is-layout-flex\">\n<div class=\"wp-block-column is-layout-flow wp-block-column-is-layout-flow\">\n<h3 class=\"wp-block-heading\"><strong>Warum Gavran &amp; Partner ?<\/strong><\/h3>\n<\/div>\n<\/div>\n\n\n\n<div style=\"height:40px\" aria-hidden=\"true\" class=\"wp-block-spacer\"><\/div>\n\n\n\n<div class=\"wp-block-columns is-layout-flex wp-container-core-columns-is-layout-9d6595d7 wp-block-columns-is-layout-flex\">\n<div class=\"wp-block-column is-layout-flow wp-block-column-is-layout-flow\">\n<ul class=\"wp-block-list\">\n<li>Langj\u00e4hrige Branchen- und Medienerfahrung<\/li>\n\n\n\n<li>Pers\u00f6nliche Beratung und individuelle L\u00f6sungen<\/li>\n\n\n\n<li>Verl\u00e4sslicher Partner f\u00fcr nachhaltigen Erfolg<\/li>\n\n\n\n<li>Transparenz und gemeinsame Zielerreichung<\/li>\n<\/ul>\n<\/div>\n\n\n\n<div class=\"wp-block-column is-layout-flow wp-block-column-is-layout-flow\">\n<figure class=\"wp-block-image size-full\"><img loading=\"lazy\" decoding=\"async\" width=\"494\" height=\"329\" src=\"http:\/\/gavran.de\/wp-content\/uploads\/2025\/11\/grafik-9.png\" alt=\"\" class=\"wp-image-133\" srcset=\"https:\/\/gavran.de\/wp-content\/uploads\/2025\/11\/grafik-9.png 494w, https:\/\/gavran.de\/wp-content\/uploads\/2025\/11\/grafik-9-300x200.png 300w, https:\/\/gavran.de\/wp-content\/uploads\/2025\/11\/grafik-9-100x67.png 100w, https:\/\/gavran.de\/wp-content\/uploads\/2025\/11\/grafik-9-150x100.png 150w, https:\/\/gavran.de\/wp-content\/uploads\/2025\/11\/grafik-9-200x133.png 200w, https:\/\/gavran.de\/wp-content\/uploads\/2025\/11\/grafik-9-450x300.png 450w\" sizes=\"auto, (max-width: 494px) 100vw, 494px\" \/><\/figure>\n<\/div>\n<\/div>\n\n\n\n<div class=\"wp-block-columns is-layout-flex wp-container-core-columns-is-layout-9d6595d7 wp-block-columns-is-layout-flex\">\n<div class=\"wp-block-column is-layout-flow wp-block-column-is-layout-flow\"><\/div>\n<\/div>\n\n\n\n<div style=\"height:59px\" aria-hidden=\"true\" class=\"wp-block-spacer\"><\/div>\n\n\n\n<div class=\"wp-block-columns is-layout-flex wp-container-core-columns-is-layout-9d6595d7 wp-block-columns-is-layout-flex\">\n<div class=\"wp-block-column is-layout-flow wp-block-column-is-layout-flow\">\n<h2 class=\"wp-block-heading\">eCommerce <\/h2>\n\n\n\n<p class=\"has-text-align-left\">Fehlende Klarheit auf die Management Ebene bremst deinen eCommerce-Erfolg?<br>Wir schaffen Kontrolle, optimieren deinen Online-Shop und sorgen f\u00fcr nachhaltiges Wachstum. Dein Weg zu mehr Klarheit und nachhaltigem Wachstum im eCommerce. Starte mit uns einer umfassenden Analyse deines gesamten Online-Auftritts \u2013 Shop, Listings, Produkte, Kan\u00e4le, Social Media, Content, PPC und Prozesse. Wir identifizieren echte St\u00e4rken und Schw\u00e4chen, nicht nur das, was intern erz\u00e4hlt wird. Auf Basis dieser Erkenntnisse entwickeln wir eine ma\u00dfgeschneiderte Strategie, die dein Business zukunftssicher macht. Lasst uns kennenlernen und den Grundstein legen f\u00fcr mehr Klarheit, Sichtbarkeit, bessere Conversion-Raten &amp; nachhaltiges Wachstum!<\/p>\n<\/div>\n<\/div>\n\n\n\n<div style=\"height:60px\" aria-hidden=\"true\" class=\"wp-block-spacer\"><\/div>\n\n\n\n<div class=\"wp-block-columns is-layout-flex wp-container-core-columns-is-layout-9d6595d7 wp-block-columns-is-layout-flex\">\n<div class=\"wp-block-column is-layout-flow wp-block-column-is-layout-flow\">\n<p><strong>Beratung und Dienstleistungen zur Optimierung von Online-Retailern<\/strong><\/p>\n\n\n\n<div class=\"wp-block-columns is-layout-flex wp-container-core-columns-is-layout-9d6595d7 wp-block-columns-is-layout-flex\">\n<div class=\"wp-block-column is-layout-flow wp-block-column-is-layout-flow\">\n<figure class=\"wp-block-image alignleft size-large is-resized\"><img loading=\"lazy\" decoding=\"async\" width=\"1024\" height=\"683\" src=\"http:\/\/gavran.de\/wp-content\/uploads\/2025\/11\/Platformen-1024x683.png\" alt=\"\" class=\"wp-image-11\" style=\"width:366px;height:auto\" srcset=\"https:\/\/gavran.de\/wp-content\/uploads\/2025\/11\/Platformen-1024x683.png 1024w, https:\/\/gavran.de\/wp-content\/uploads\/2025\/11\/Platformen-300x200.png 300w, https:\/\/gavran.de\/wp-content\/uploads\/2025\/11\/Platformen.png 1536w\" sizes=\"auto, (max-width: 1024px) 100vw, 1024px\" \/><\/figure>\n<\/div>\n\n\n\n<div class=\"wp-block-column is-layout-flow wp-block-column-is-layout-flow\">\n<ul class=\"wp-block-list\">\n<li>Wir bieten umfassende Beratungsdienstleistungen f\u00fcr (Online-)H\u00e4ndler an, mit einem Fokus auf Marketing, Preisstrategien und Werbung um den Kunden einen m\u00f6glichst hohen Mehrwert zu bieten.<\/li>\n\n\n\n<li>Unser Ziel ist es, Einzelh\u00e4ndlern dabei zu helfen, ihre Marktposition zu st\u00e4rken, ihre Zielgruppen effektiv zu erreichen und ihre Verkaufszahlen zu steigern.<\/li>\n\n\n\n<li>Durch individuell abgestimmte Konzepte und fundierte Analysen unterst\u00fctzen Sie Ihre Kunden dabei, ihre Produkte bestm\u00f6glich zu platzieren und ihre Marketingbudgets effizient einzusetzen.<\/li>\n<\/ul>\n<\/div>\n<\/div>\n<\/div>\n<\/div>\n\n\n\n<div style=\"height:58px\" aria-hidden=\"true\" class=\"wp-block-spacer\"><\/div>\n\n\n\n<div class=\"wp-block-columns is-layout-flex wp-container-core-columns-is-layout-9d6595d7 wp-block-columns-is-layout-flex\">\n<div class=\"wp-block-column is-layout-flow wp-block-column-is-layout-flow\">\n<p><strong>eCommerce<\/strong><\/p>\n\n\n\n<ul class=\"wp-block-list\">\n<li>Shop-Konzeption<\/li>\n\n\n\n<li>Erstellung \/ Programmierung<\/li>\n\n\n\n<li>Analyse \/ Optimierung<\/li>\n\n\n\n<li>Google Shopping \/ SEO<\/li>\n\n\n\n<li>E-Mail-Marketing<\/li>\n<\/ul>\n<\/div>\n\n\n\n<div class=\"wp-block-column is-layout-flow wp-block-column-is-layout-flow\">\n<figure class=\"wp-block-image size-full\"><img loading=\"lazy\" decoding=\"async\" width=\"581\" height=\"360\" src=\"http:\/\/gavran.de\/wp-content\/uploads\/2025\/11\/grafik-3.png\" alt=\"\" class=\"wp-image-104\" srcset=\"https:\/\/gavran.de\/wp-content\/uploads\/2025\/11\/grafik-3.png 581w, https:\/\/gavran.de\/wp-content\/uploads\/2025\/11\/grafik-3-300x186.png 300w, https:\/\/gavran.de\/wp-content\/uploads\/2025\/11\/grafik-3-100x62.png 100w, https:\/\/gavran.de\/wp-content\/uploads\/2025\/11\/grafik-3-150x93.png 150w, https:\/\/gavran.de\/wp-content\/uploads\/2025\/11\/grafik-3-200x124.png 200w, https:\/\/gavran.de\/wp-content\/uploads\/2025\/11\/grafik-3-450x279.png 450w\" sizes=\"auto, (max-width: 581px) 100vw, 581px\" \/><\/figure>\n<\/div>\n<\/div>\n\n\n\n<p>Von der Shop-Konzeption \u00fcber die professionelle Erstellung und Programmierung bis zur laufenden Analyse und Optimierung \u2013 wir machen Ihren Online-Shop fit f\u00fcr nachhaltiges Wachstum. Mit individuell abgestimmtem SEO und strategischem E-Mail-Marketing sichern Sie sich maximale Sichtbarkeit und wiederkehrende Kunden.<\/p>\n\n\n\n<div style=\"height:40px\" aria-hidden=\"true\" class=\"wp-block-spacer\"><\/div>\n\n\n\n<div class=\"wp-block-columns is-layout-flex wp-container-core-columns-is-layout-9d6595d7 wp-block-columns-is-layout-flex\">\n<div class=\"wp-block-column is-layout-flow wp-block-column-is-layout-flow\">\n<figure class=\"wp-block-image size-full\"><img loading=\"lazy\" decoding=\"async\" width=\"599\" height=\"376\" src=\"http:\/\/gavran.de\/wp-content\/uploads\/2025\/11\/grafik-1.png\" alt=\"\" class=\"wp-image-102\" srcset=\"https:\/\/gavran.de\/wp-content\/uploads\/2025\/11\/grafik-1.png 599w, https:\/\/gavran.de\/wp-content\/uploads\/2025\/11\/grafik-1-300x188.png 300w, https:\/\/gavran.de\/wp-content\/uploads\/2025\/11\/grafik-1-100x63.png 100w, https:\/\/gavran.de\/wp-content\/uploads\/2025\/11\/grafik-1-150x94.png 150w, https:\/\/gavran.de\/wp-content\/uploads\/2025\/11\/grafik-1-200x126.png 200w, https:\/\/gavran.de\/wp-content\/uploads\/2025\/11\/grafik-1-450x282.png 450w\" sizes=\"auto, (max-width: 599px) 100vw, 599px\" \/><\/figure>\n<\/div>\n\n\n\n<div class=\"wp-block-column is-layout-flow wp-block-column-is-layout-flow\">\n<p><strong>Smarte Daten<\/strong><\/p>\n\n\n\n<ul class=\"wp-block-list\">\n<li>Preisvergleich<\/li>\n\n\n\n<li>eCommerce-Daten<\/li>\n\n\n\n<li>Preis-Monitoring<\/li>\n\n\n\n<li>Preismanagement<\/li>\n\n\n\n<li>Dynamic Pricing<\/li>\n\n\n\n<li>Crawling<\/li>\n<\/ul>\n<\/div>\n<\/div>\n\n\n\n<p>Profitieren Sie von transparentem Preisvergleich und fundierten e-Commerce Daten f\u00fcr optimales Preis Management. Mit Dynamic Pricing passen sich Ihre Preise in Echtzeit dem Markt an, w\u00e4hrend effizientes Crawling f\u00fcr stets aktuelle Wettbewerbsinformationen sorgt.<\/p>\n\n\n\n<div style=\"height:40px\" aria-hidden=\"true\" class=\"wp-block-spacer\"><\/div>\n\n\n\n<div class=\"wp-block-columns is-layout-flex wp-container-core-columns-is-layout-9d6595d7 wp-block-columns-is-layout-flex\">\n<div class=\"wp-block-column is-layout-flow wp-block-column-is-layout-flow\">\n<p><strong>Integrationen<\/strong><\/p>\n\n\n\n<ul class=\"wp-block-list\">\n<li>Shop-Systeme<\/li>\n\n\n\n<li>Logistik und Fulfillment<\/li>\n\n\n\n<li>Buchhaltung<\/li>\n\n\n\n<li>Benachrichtigungen (SMS)<\/li>\n\n\n\n<li>Kommunikation<\/li>\n<\/ul>\n<\/div>\n\n\n\n<div class=\"wp-block-column is-layout-flow wp-block-column-is-layout-flow\">\n<figure class=\"wp-block-image size-full\"><img loading=\"lazy\" decoding=\"async\" width=\"594\" height=\"397\" src=\"http:\/\/gavran.de\/wp-content\/uploads\/2025\/11\/grafik-6.png\" alt=\"\" class=\"wp-image-111\" srcset=\"https:\/\/gavran.de\/wp-content\/uploads\/2025\/11\/grafik-6.png 594w, https:\/\/gavran.de\/wp-content\/uploads\/2025\/11\/grafik-6-300x201.png 300w, https:\/\/gavran.de\/wp-content\/uploads\/2025\/11\/grafik-6-100x67.png 100w, https:\/\/gavran.de\/wp-content\/uploads\/2025\/11\/grafik-6-150x100.png 150w, https:\/\/gavran.de\/wp-content\/uploads\/2025\/11\/grafik-6-200x134.png 200w, https:\/\/gavran.de\/wp-content\/uploads\/2025\/11\/grafik-6-450x301.png 450w\" sizes=\"auto, (max-width: 594px) 100vw, 594px\" \/><\/figure>\n<\/div>\n<\/div>\n\n\n\n<p>Wir integrieren Produktlisting, Multi-Channel-Vertrieb und Logistik\/Fullfilment f\u00fcr einen reibungslosen Ablauf. Kommunikationsl\u00f6sungen und ERP-Systeme sorgen daf\u00fcr, dass Ihre Abl\u00e4ufe automatisiert und jederzeit skalierbar bleiben.<\/p>\n\n\n\n<div style=\"height:40px\" aria-hidden=\"true\" class=\"wp-block-spacer\"><\/div>\n\n\n\n<div class=\"wp-block-columns is-layout-flex wp-container-core-columns-is-layout-9d6595d7 wp-block-columns-is-layout-flex\">\n<div class=\"wp-block-column is-layout-flow wp-block-column-is-layout-flow\">\n<figure class=\"wp-block-image size-full\"><img loading=\"lazy\" decoding=\"async\" width=\"617\" height=\"387\" src=\"http:\/\/gavran.de\/wp-content\/uploads\/2025\/11\/grafik-7.png\" alt=\"\" class=\"wp-image-112\" srcset=\"https:\/\/gavran.de\/wp-content\/uploads\/2025\/11\/grafik-7.png 617w, https:\/\/gavran.de\/wp-content\/uploads\/2025\/11\/grafik-7-300x188.png 300w, https:\/\/gavran.de\/wp-content\/uploads\/2025\/11\/grafik-7-100x63.png 100w, https:\/\/gavran.de\/wp-content\/uploads\/2025\/11\/grafik-7-150x94.png 150w, https:\/\/gavran.de\/wp-content\/uploads\/2025\/11\/grafik-7-200x125.png 200w, https:\/\/gavran.de\/wp-content\/uploads\/2025\/11\/grafik-7-450x282.png 450w, https:\/\/gavran.de\/wp-content\/uploads\/2025\/11\/grafik-7-600x376.png 600w\" sizes=\"auto, (max-width: 617px) 100vw, 617px\" \/><\/figure>\n<\/div>\n\n\n\n<div class=\"wp-block-column is-layout-flow wp-block-column-is-layout-flow\">\n<p><strong>Foto \/ Video \/ Content<\/strong><\/p>\n\n\n\n<ul class=\"wp-block-list\">\n<li>Produktfotos<\/li>\n\n\n\n<li>Bildserien f\u00fcr E-Commerce<\/li>\n\n\n\n<li>Image-Bilder \/ Werbung<\/li>\n\n\n\n<li>Produktvideos<\/li>\n<\/ul>\n<\/div>\n<\/div>\n\n\n\n<p>Erh\u00f6hen Sie Ihre Conversion mit hochwertigen Produktfotos und Bildserien \u2013 speziell f\u00fcr den E-Commerce. Image-Bilder und Werbefotos emotionalisieren Ihre Marke, professionelle Produkt- und Verkaufsvideos begeistern Kunden und steigern die Verkaufszahlen.<\/p>\n\n\n\n<div style=\"height:42px\" aria-hidden=\"true\" class=\"wp-block-spacer\"><\/div>\n\n\n\n<div class=\"wp-block-columns is-layout-flex wp-container-core-columns-is-layout-9d6595d7 wp-block-columns-is-layout-flex\">\n<div class=\"wp-block-column is-layout-flow wp-block-column-is-layout-flow\">\n<figure class=\"wp-block-image size-full\"><img loading=\"lazy\" decoding=\"async\" width=\"596\" height=\"374\" src=\"http:\/\/gavran.de\/wp-content\/uploads\/2025\/11\/grafik-8.png\" alt=\"\" class=\"wp-image-113\" srcset=\"https:\/\/gavran.de\/wp-content\/uploads\/2025\/11\/grafik-8.png 596w, https:\/\/gavran.de\/wp-content\/uploads\/2025\/11\/grafik-8-300x188.png 300w, https:\/\/gavran.de\/wp-content\/uploads\/2025\/11\/grafik-8-100x63.png 100w, https:\/\/gavran.de\/wp-content\/uploads\/2025\/11\/grafik-8-150x94.png 150w, https:\/\/gavran.de\/wp-content\/uploads\/2025\/11\/grafik-8-200x126.png 200w, https:\/\/gavran.de\/wp-content\/uploads\/2025\/11\/grafik-8-450x282.png 450w\" sizes=\"auto, (max-width: 596px) 100vw, 596px\" \/><\/figure>\n<\/div>\n\n\n\n<div class=\"wp-block-column is-layout-flow wp-block-column-is-layout-flow\">\n<p><strong>Amazon<\/strong><\/p>\n\n\n\n<ul class=\"wp-block-list\">\n<li>Produkt-Listings<\/li>\n\n\n\n<li>A+ Content \/ Brand-Store<\/li>\n\n\n\n<li>Listung Optimierung<\/li>\n\n\n\n<li>Amazon-SEO<\/li>\n\n\n\n<li>BuyBox Sicherung<\/li>\n\n\n\n<li>Amazon Werbung<\/li>\n<\/ul>\n<\/div>\n<\/div>\n\n\n\n<p>Optimierte Produkt-Listings, \u00fcberzeugender A+ Content und ein professioneller Brand-Store machen Sie sichtbar. Mit gezielter Listungsoptimierung, ma\u00dfgeschneidertem Amazon-SEO, BuyBox-Sicherung und effektiver Amazon Werbung und Dynamisches Pricing erzielen Sie maximale Reichweite und Umsatzpotenzial.<\/p>\n\n\n\n<p><\/p>\n\n\n\n<p><\/p>\n\n\n\n<div class=\"wp-block-columns is-layout-flex wp-container-core-columns-is-layout-9d6595d7 wp-block-columns-is-layout-flex\"><\/div>\n","protected":false},"excerpt":{"rendered":"<p>Warum Gavran &amp; Partner ? eCommerce Fehlende Klarheit auf die Management Ebene bremst deinen eCommerce-Erfolg?Wir schaffen Kontrolle, optimieren deinen Online-Shop und sorgen f\u00fcr nachhaltiges Wachstum. Dein Weg zu mehr Klarheit und nachhaltigem Wachstum im eCommerce. Starte mit uns einer umfassenden &hellip;<\/p>\n<p class=\"read-more\"> <a class=\"more-link\" href=\"https:\/\/gavran.de\/?page_id=41\"> <span class=\"screen-reader-text\">eCommerce<\/span> Weiterlesen &raquo;<\/a><\/p>\n","protected":false},"author":1,"featured_media":0,"parent":5,"menu_order":3,"comment_status":"closed","ping_status":"closed","template":"","meta":{"content-type":"","footnotes":""},"class_list":["post-41","page","type-page","status-publish","hentry"],"_links":{"self":[{"href":"https:\/\/gavran.de\/index.php?rest_route=\/wp\/v2\/pages\/41","targetHints":{"allow":["GET"]}}],"collection":[{"href":"https:\/\/gavran.de\/index.php?rest_route=\/wp\/v2\/pages"}],"about":[{"href":"https:\/\/gavran.de\/index.php?rest_route=\/wp\/v2\/types\/page"}],"author":[{"embeddable":true,"href":"https:\/\/gavran.de\/index.php?rest_route=\/wp\/v2\/users\/1"}],"replies":[{"embeddable":true,"href":"https:\/\/gavran.de\/index.php?rest_route=%2Fwp%2Fv2%2Fcomments&post=41"}],"version-history":[{"count":46,"href":"https:\/\/gavran.de\/index.php?rest_route=\/wp\/v2\/pages\/41\/revisions"}],"predecessor-version":[{"id":208,"href":"https:\/\/gavran.de\/index.php?rest_route=\/wp\/v2\/pages\/41\/revisions\/208"}],"up":[{"embeddable":true,"href":"https:\/\/gavran.de\/index.php?rest_route=\/wp\/v2\/pages\/5"}],"wp:attachment":[{"href":"https:\/\/gavran.de\/index.php?rest_route=%2Fwp%2Fv2%2Fmedia&parent=41"}],"curies":[{"name":"wp","href":"https:\/\/api.w.org\/{rel}","templated":true}]}}